{"id":146,"date":"2022-04-02T16:35:06","date_gmt":"2022-04-02T14:35:06","guid":{"rendered":"https:\/\/mur34.fr\/?page_id=146"},"modified":"2023-10-08T16:23:22","modified_gmt":"2023-10-08T14:23:22","slug":"groupes","status":"publish","type":"page","link":"https:\/\/mur34.fr\/index.php\/groupes\/","title":{"rendered":"RESSOURCES P\u00c9DAGOGIQUES"},"content":{"rendered":"<p><div class=\"fusion-fullwidth fullwidth-box fusion-builder-row-1 fusion-flex-container has-pattern-background has-mask-background nonhundred-percent-fullwidth non-hundred-percent-height-scrolling\" style=\"--awb-border-radius-top-left:0px;--awb-border-radius-top-right:0px;--awb-border-radius-bottom-right:0px;--awb-border-radius-bottom-left:0px;--awb-flex-wrap:wrap;\" ><div class=\"fusion-builder-row fusion-row fusion-flex-align-items-flex-start fusion-flex-content-wrap\" style=\"max-width:1248px;margin-left: calc(-4% \/ 2 );margin-right: calc(-4% \/ 2 );\"><div class=\"fusion-layout-column fusion_builder_column fusion-builder-column-0 fusion_builder_column_1_1 1_1 fusion-flex-column\" style=\"--awb-padding-top:20px;--awb-padding-bottom:20px;--awb-padding-left:40px;--awb-overflow:hidden;--awb-bg-size:cover;--awb-border-color:var(--awb-custom_color_2);--awb-border-top:0;--awb-border-right:0;--awb-border-bottom:0;--awb-border-left:5px;--awb-border-style:solid;--awb-border-radius:25px 0px 0px 25px;--awb-width-large:100%;--awb-margin-top-large:0px;--awb-spacing-right-large:1.92%;--awb-margin-bottom-large:20px;--awb-spacing-left-large:1.92%;--awb-width-medium:100%;--awb-order-medium:0;--awb-spacing-right-medium:1.92%;--awb-spacing-left-medium:1.92%;--awb-width-small:100%;--awb-order-small:0;--awb-spacing-right-small:1.92%;--awb-spacing-left-small:1.92%;\"><div class=\"fusion-column-wrapper fusion-column-has-shadow fusion-flex-justify-content-flex-start fusion-content-layout-column\"><i class=\"fb-icon-element-1 fb-icon-element fontawesome-icon fa-quote-right fas circle-no\" style=\"--awb-iconcolor:var(--awb-custom_color_2);--awb-iconcolor-hover:var(--awb-custom_color_2);--awb-font-size:32px;--awb-align-self:flex-start;--awb-margin-top:20px;--awb-margin-right:0px;--awb-margin-bottom:40px;--awb-margin-left:0px;\"><\/i><div class=\"fusion-text fusion-text-1\"><p style=\"text-align: justify; color: var(--awb-custom_color_2);\">En cours de construction &#8230;<\/p>\n<p style=\"text-align: justify;\"><span style=\"color: var(--awb-text-color); font-family: var(--awb-text-font-family); font-size: var(--awb-font-size); font-style: var(--awb-text-font-style); letter-spacing: var(--awb-letter-spacing); text-align: var(--awb-content-alignment); text-transform: var(--awb-text-transform); background-color: var(--awb-bg-color-hover);\">Le CRHRD propose en accord avec les professeurs concern\u00e9s des ressources li\u00e9es aux projets p\u00e9dagogiques men\u00e9s en classe.<\/span><\/p>\n<p style=\"text-align: justify;\">Cette page contiendra :<\/p>\n<\/div><\/div><\/div><\/div><\/div><div class=\"fusion-fullwidth fullwidth-box fusion-builder-row-2 fusion-flex-container has-pattern-background has-mask-background nonhundred-percent-fullwidth non-hundred-percent-height-scrolling\" style=\"--awb-border-radius-top-left:0px;--awb-border-radius-top-right:0px;--awb-border-radius-bottom-right:0px;--awb-border-radius-bottom-left:0px;--awb-margin-bottom:0px;--awb-flex-wrap:wrap;\" ><div class=\"fusion-builder-row fusion-row fusion-flex-align-items-flex-start fusion-flex-content-wrap\" style=\"max-width:1248px;margin-left: calc(-4% \/ 2 );margin-right: calc(-4% \/ 2 );\"><div class=\"fusion-layout-column fusion_builder_column fusion-builder-column-1 fusion_builder_column_1_1 1_1 fusion-flex-column\" style=\"--awb-bg-size:cover;--awb-width-large:100%;--awb-margin-top-large:0px;--awb-spacing-right-large:1.92%;--awb-margin-bottom-large:0px;--awb-spacing-left-large:1.92%;--awb-width-medium:100%;--awb-order-medium:0;--awb-spacing-right-medium:1.92%;--awb-spacing-left-medium:1.92%;--awb-width-small:100%;--awb-order-small:0;--awb-spacing-right-small:1.92%;--awb-spacing-left-small:1.92%;\"><div class=\"fusion-column-wrapper fusion-column-has-shadow fusion-flex-justify-content-flex-start fusion-content-layout-column\"><div class=\"fusion-title title fusion-title-1 fusion-sep-none fusion-title-text fusion-title-size-four\" style=\"--awb-text-color:var(--awb-custom_color_2);--awb-margin-bottom:0px;--awb-margin-top-small:10px;--awb-margin-right-small:0px;--awb-margin-bottom-small:10px;--awb-margin-left-small:0px;\"><h4 class=\"fusion-title-heading title-heading-left\" style=\"margin:0;text-transform:uppercase;\">OUTILS<\/h4><\/div><i class=\"fb-icon-element-2 fb-icon-element fontawesome-icon fa-chevron-down fas circle-no\" style=\"--awb-iconcolor:var(--awb-custom_color_2);--awb-iconcolor-hover:var(--awb-custom_color_2);--awb-font-size:20px;--awb-align-self:flex-start;--awb-margin-top:10px;--awb-margin-right:0px;--awb-margin-bottom:0px;--awb-margin-left:0px;\"><\/i><\/div><\/div><\/div><\/div><div class=\"fusion-fullwidth fullwidth-box fusion-builder-row-3 fusion-flex-container has-pattern-background has-mask-background nonhundred-percent-fullwidth non-hundred-percent-height-scrolling\" style=\"--awb-border-radius-top-left:0px;--awb-border-radius-top-right:0px;--awb-border-radius-bottom-right:0px;--awb-border-radius-bottom-left:0px;--awb-flex-wrap:wrap;\" ><div class=\"fusion-builder-row fusion-row fusion-flex-align-items-flex-start fusion-flex-content-wrap\" style=\"max-width:1248px;margin-left: calc(-4% \/ 2 );margin-right: calc(-4% \/ 2 );\"><div class=\"fusion-layout-column fusion_builder_column fusion-builder-column-2 fusion_builder_column_1_1 1_1 fusion-flex-column\" style=\"--awb-bg-size:cover;--awb-width-large:100%;--awb-margin-top-large:0px;--awb-spacing-right-large:1.92%;--awb-margin-bottom-large:20px;--awb-spacing-left-large:1.92%;--awb-width-medium:100%;--awb-order-medium:0;--awb-spacing-right-medium:1.92%;--awb-spacing-left-medium:1.92%;--awb-width-small:100%;--awb-order-small:0;--awb-spacing-right-small:1.92%;--awb-spacing-left-small:1.92%;\"><div class=\"fusion-column-wrapper fusion-column-has-shadow fusion-flex-justify-content-flex-start fusion-content-layout-column\"><div class=\"fusion-title title fusion-title-2 fusion-title-text fusion-title-size-four\" style=\"--awb-text-color:var(--awb-custom_color_1);--awb-margin-top-small:10px;--awb-margin-right-small:0px;--awb-margin-bottom-small:10px;--awb-margin-left-small:0px;--awb-sep-color:var(--awb-custom_color_8);\"><div class=\"title-sep-container title-sep-container-left fusion-no-large-visibility fusion-no-medium-visibility fusion-no-small-visibility\"><div class=\"title-sep sep-single sep-solid\" style=\"border-color:var(--awb-custom_color_8);\"><\/div><\/div><span class=\"awb-title-spacer fusion-no-large-visibility fusion-no-medium-visibility fusion-no-small-visibility\"><\/span><h4 class=\"fusion-title-heading title-heading-left\" style=\"margin:0;text-transform:uppercase;\">DOSSIERS P\u00c9DAGOGIQUES<\/h4><span class=\"awb-title-spacer\"><\/span><div class=\"title-sep-container title-sep-container-right\"><div class=\"title-sep sep-single sep-solid\" style=\"border-color:var(--awb-custom_color_8);\"><\/div><\/div><\/div><div class=\"fusion-title title fusion-title-3 fusion-title-text fusion-title-size-four\" style=\"--awb-text-color:var(--awb-custom_color_1);--awb-margin-top-small:10px;--awb-margin-right-small:0px;--awb-margin-bottom-small:10px;--awb-margin-left-small:0px;--awb-sep-color:var(--awb-custom_color_7);\"><div class=\"title-sep-container title-sep-container-left fusion-no-large-visibility fusion-no-medium-visibility fusion-no-small-visibility\"><div class=\"title-sep sep-single sep-solid\" style=\"border-color:var(--awb-custom_color_7);\"><\/div><\/div><span class=\"awb-title-spacer fusion-no-large-visibility fusion-no-medium-visibility fusion-no-small-visibility\"><\/span><h4 class=\"fusion-title-heading title-heading-left\" style=\"margin:0;text-transform:uppercase;\">ATELIERS P\u00c9DAGOGIQUES<\/h4><span class=\"awb-title-spacer\"><\/span><div class=\"title-sep-container title-sep-container-right\"><div class=\"title-sep sep-single sep-solid\" style=\"border-color:var(--awb-custom_color_7);\"><\/div><\/div><\/div><\/div><\/div><\/div><\/div><\/p>\n","protected":false},"excerpt":{"rendered":"","protected":false},"author":1,"featured_media":0,"parent":0,"menu_order":0,"comment_status":"closed","ping_status":"closed","template":"","meta":{"footnotes":""},"class_list":["post-146","page","type-page","status-publish","hentry"],"yoast_head":"<!-- This site is optimized with the Yoast SEO plugin v27.3 - https:\/\/yoast.com\/product\/yoast-seo-wordpress\/ -->\n<title>RESSOURCES P\u00c9DAGOGIQUES - MUR-Castelnau-le-Lez<\/title>\n<meta name=\"description\" content=\"RESSOURCES P\u00c9DAGOGIQUES\" \/>\n<meta name=\"robots\" content=\"index, follow, max-snippet:-1, max-image-preview:large, max-video-preview:-1\" \/>\n<link rel=\"canonical\" href=\"https:\/\/mur34.fr\/index.php\/groupes\/\" \/>\n<meta property=\"og:locale\" content=\"fr_FR\" \/>\n<meta property=\"og:type\" content=\"article\" \/>\n<meta property=\"og:title\" content=\"RESSOURCES P\u00c9DAGOGIQUES - MUR-Castelnau-le-Lez\" \/>\n<meta property=\"og:description\" content=\"RESSOURCES P\u00c9DAGOGIQUES\" \/>\n<meta property=\"og:url\" content=\"https:\/\/mur34.fr\/index.php\/groupes\/\" \/>\n<meta property=\"og:site_name\" content=\"MUR-Castelnau-le-Lez\" \/>\n<meta property=\"article:publisher\" content=\"https:\/\/www.facebook.com\/museedelaresistancedemontpellier\" \/>\n<meta property=\"article:modified_time\" content=\"2023-10-08T14:23:22+00:00\" \/>\n<meta property=\"og:image\" content=\"https:\/\/mur34.fr\/wp-content\/uploads\/2023\/10\/logo-CRHRD-PETIT-COULEURS-SOMBRES-80-06-1.png\" \/>\n\t<meta property=\"og:image:width\" content=\"62\" \/>\n\t<meta property=\"og:image:height\" content=\"77\" \/>\n\t<meta property=\"og:image:type\" content=\"image\/png\" \/>\n<meta name=\"twitter:card\" content=\"summary_large_image\" \/>\n<meta name=\"twitter:label1\" content=\"Dur\u00e9e de lecture estim\u00e9e\" \/>\n\t<meta name=\"twitter:data1\" content=\"9 minutes\" \/>\n<script type=\"application\/ld+json\" class=\"yoast-schema-graph\">{\"@context\":\"https:\\\/\\\/schema.org\",\"@graph\":[{\"@type\":\"WebPage\",\"@id\":\"https:\\\/\\\/mur34.fr\\\/index.php\\\/groupes\\\/\",\"url\":\"https:\\\/\\\/mur34.fr\\\/index.php\\\/groupes\\\/\",\"name\":\"RESSOURCES P\u00c9DAGOGIQUES - MUR-Castelnau-le-Lez\",\"isPartOf\":{\"@id\":\"https:\\\/\\\/mur34.fr\\\/#website\"},\"datePublished\":\"2022-04-02T14:35:06+00:00\",\"dateModified\":\"2023-10-08T14:23:22+00:00\",\"description\":\"RESSOURCES P\u00c9DAGOGIQUES\",\"breadcrumb\":{\"@id\":\"https:\\\/\\\/mur34.fr\\\/index.php\\\/groupes\\\/#breadcrumb\"},\"inLanguage\":\"fr-FR\",\"potentialAction\":[{\"@type\":\"ReadAction\",\"target\":[\"https:\\\/\\\/mur34.fr\\\/index.php\\\/groupes\\\/\"]}]},{\"@type\":\"BreadcrumbList\",\"@id\":\"https:\\\/\\\/mur34.fr\\\/index.php\\\/groupes\\\/#breadcrumb\",\"itemListElement\":[{\"@type\":\"ListItem\",\"position\":1,\"name\":\"Accueil\",\"item\":\"https:\\\/\\\/mur34.fr\\\/\"},{\"@type\":\"ListItem\",\"position\":2,\"name\":\"RESSOURCES P\u00c9DAGOGIQUES\"}]},{\"@type\":\"WebSite\",\"@id\":\"https:\\\/\\\/mur34.fr\\\/#website\",\"url\":\"https:\\\/\\\/mur34.fr\\\/\",\"name\":\"MUR-Castelnau-le-Lez\",\"description\":\"Mus\u00e9e de la R\u00e9sistance et de la D\u00e9portation - CASTELNAU-LE-LEZ\",\"publisher\":{\"@id\":\"https:\\\/\\\/mur34.fr\\\/#organization\"},\"alternateName\":\"MUR34\",\"potentialAction\":[{\"@type\":\"SearchAction\",\"target\":{\"@type\":\"EntryPoint\",\"urlTemplate\":\"https:\\\/\\\/mur34.fr\\\/?s={search_term_string}\"},\"query-input\":{\"@type\":\"PropertyValueSpecification\",\"valueRequired\":true,\"valueName\":\"search_term_string\"}}],\"inLanguage\":\"fr-FR\"},{\"@type\":\"Organization\",\"@id\":\"https:\\\/\\\/mur34.fr\\\/#organization\",\"name\":\"Mus\u00e9e de la R\u00e9sistance et de la D\u00e9portation - Castelnau-le-Lez\",\"alternateName\":\"MUR34\",\"url\":\"https:\\\/\\\/mur34.fr\\\/\",\"logo\":{\"@type\":\"ImageObject\",\"inLanguage\":\"fr-FR\",\"@id\":\"https:\\\/\\\/mur34.fr\\\/#\\\/schema\\\/logo\\\/image\\\/\",\"url\":\"https:\\\/\\\/mur34.fr\\\/wp-content\\\/uploads\\\/2024\\\/11\\\/logo-MUR34-1.png\",\"contentUrl\":\"https:\\\/\\\/mur34.fr\\\/wp-content\\\/uploads\\\/2024\\\/11\\\/logo-MUR34-1.png\",\"width\":537,\"height\":696,\"caption\":\"Mus\u00e9e de la R\u00e9sistance et de la D\u00e9portation - Castelnau-le-Lez\"},\"image\":{\"@id\":\"https:\\\/\\\/mur34.fr\\\/#\\\/schema\\\/logo\\\/image\\\/\"},\"sameAs\":[\"https:\\\/\\\/www.facebook.com\\\/museedelaresistancedemontpellier\"]}]}<\/script>\n<!-- \/ Yoast SEO plugin. -->","yoast_head_json":{"title":"RESSOURCES P\u00c9DAGOGIQUES - MUR-Castelnau-le-Lez","description":"RESSOURCES P\u00c9DAGOGIQUES","robots":{"index":"index","follow":"follow","max-snippet":"max-snippet:-1","max-image-preview":"max-image-preview:large","max-video-preview":"max-video-preview:-1"},"canonical":"https:\/\/mur34.fr\/index.php\/groupes\/","og_locale":"fr_FR","og_type":"article","og_title":"RESSOURCES P\u00c9DAGOGIQUES - MUR-Castelnau-le-Lez","og_description":"RESSOURCES P\u00c9DAGOGIQUES","og_url":"https:\/\/mur34.fr\/index.php\/groupes\/","og_site_name":"MUR-Castelnau-le-Lez","article_publisher":"https:\/\/www.facebook.com\/museedelaresistancedemontpellier","article_modified_time":"2023-10-08T14:23:22+00:00","og_image":[{"width":62,"height":77,"url":"https:\/\/mur34.fr\/wp-content\/uploads\/2023\/10\/logo-CRHRD-PETIT-COULEURS-SOMBRES-80-06-1.png","type":"image\/png"}],"twitter_card":"summary_large_image","twitter_misc":{"Dur\u00e9e de lecture estim\u00e9e":"9 minutes"},"schema":{"@context":"https:\/\/schema.org","@graph":[{"@type":"WebPage","@id":"https:\/\/mur34.fr\/index.php\/groupes\/","url":"https:\/\/mur34.fr\/index.php\/groupes\/","name":"RESSOURCES P\u00c9DAGOGIQUES - MUR-Castelnau-le-Lez","isPartOf":{"@id":"https:\/\/mur34.fr\/#website"},"datePublished":"2022-04-02T14:35:06+00:00","dateModified":"2023-10-08T14:23:22+00:00","description":"RESSOURCES P\u00c9DAGOGIQUES","breadcrumb":{"@id":"https:\/\/mur34.fr\/index.php\/groupes\/#breadcrumb"},"inLanguage":"fr-FR","potentialAction":[{"@type":"ReadAction","target":["https:\/\/mur34.fr\/index.php\/groupes\/"]}]},{"@type":"BreadcrumbList","@id":"https:\/\/mur34.fr\/index.php\/groupes\/#breadcrumb","itemListElement":[{"@type":"ListItem","position":1,"name":"Accueil","item":"https:\/\/mur34.fr\/"},{"@type":"ListItem","position":2,"name":"RESSOURCES P\u00c9DAGOGIQUES"}]},{"@type":"WebSite","@id":"https:\/\/mur34.fr\/#website","url":"https:\/\/mur34.fr\/","name":"MUR-Castelnau-le-Lez","description":"Mus\u00e9e de la R\u00e9sistance et de la D\u00e9portation - CASTELNAU-LE-LEZ","publisher":{"@id":"https:\/\/mur34.fr\/#organization"},"alternateName":"MUR34","potentialAction":[{"@type":"SearchAction","target":{"@type":"EntryPoint","urlTemplate":"https:\/\/mur34.fr\/?s={search_term_string}"},"query-input":{"@type":"PropertyValueSpecification","valueRequired":true,"valueName":"search_term_string"}}],"inLanguage":"fr-FR"},{"@type":"Organization","@id":"https:\/\/mur34.fr\/#organization","name":"Mus\u00e9e de la R\u00e9sistance et de la D\u00e9portation - Castelnau-le-Lez","alternateName":"MUR34","url":"https:\/\/mur34.fr\/","logo":{"@type":"ImageObject","inLanguage":"fr-FR","@id":"https:\/\/mur34.fr\/#\/schema\/logo\/image\/","url":"https:\/\/mur34.fr\/wp-content\/uploads\/2024\/11\/logo-MUR34-1.png","contentUrl":"https:\/\/mur34.fr\/wp-content\/uploads\/2024\/11\/logo-MUR34-1.png","width":537,"height":696,"caption":"Mus\u00e9e de la R\u00e9sistance et de la D\u00e9portation - Castelnau-le-Lez"},"image":{"@id":"https:\/\/mur34.fr\/#\/schema\/logo\/image\/"},"sameAs":["https:\/\/www.facebook.com\/museedelaresistancedemontpellier"]}]}},"_links":{"self":[{"href":"https:\/\/mur34.fr\/index.php\/wp-json\/wp\/v2\/pages\/146","targetHints":{"allow":["GET"]}}],"collection":[{"href":"https:\/\/mur34.fr\/index.php\/wp-json\/wp\/v2\/pages"}],"about":[{"href":"https:\/\/mur34.fr\/index.php\/wp-json\/wp\/v2\/types\/page"}],"author":[{"embeddable":true,"href":"https:\/\/mur34.fr\/index.php\/wp-json\/wp\/v2\/users\/1"}],"replies":[{"embeddable":true,"href":"https:\/\/mur34.fr\/index.php\/wp-json\/wp\/v2\/comments?post=146"}],"version-history":[{"count":21,"href":"https:\/\/mur34.fr\/index.php\/wp-json\/wp\/v2\/pages\/146\/revisions"}],"predecessor-version":[{"id":1936,"href":"https:\/\/mur34.fr\/index.php\/wp-json\/wp\/v2\/pages\/146\/revisions\/1936"}],"wp:attachment":[{"href":"https:\/\/mur34.fr\/index.php\/wp-json\/wp\/v2\/media?parent=146"}],"curies":[{"name":"wp","href":"https:\/\/api.w.org\/{rel}","templated":true}]}}