{"id":2796,"date":"2025-03-06T15:41:57","date_gmt":"2025-03-06T14:41:57","guid":{"rendered":"https:\/\/mur34.fr\/?page_id=2796"},"modified":"2025-06-17T09:24:24","modified_gmt":"2025-06-17T07:24:24","slug":"les-enfants-de-la-resistance","status":"publish","type":"page","link":"https:\/\/mur34.fr\/index.php\/docresspourenseignant\/les-enfants-de-la-resistance\/","title":{"rendered":"LES ENFANTS DE LA R\u00c9SISTANCE"},"content":{"rendered":"<p><div class=\"fusion-fullwidth fullwidth-box fusion-builder-row-1 fusion-flex-container has-pattern-background has-mask-background nonhundred-percent-fullwidth non-hundred-percent-height-scrolling\" style=\"--awb-border-radius-top-left:0px;--awb-border-radius-top-right:0px;--awb-border-radius-bottom-right:0px;--awb-border-radius-bottom-left:0px;--awb-flex-wrap:wrap;\" ><div class=\"fusion-builder-row fusion-row fusion-flex-align-items-flex-start fusion-flex-content-wrap\" style=\"max-width:1248px;margin-left: calc(-4% \/ 2 );margin-right: calc(-4% \/ 2 );\"><div class=\"fusion-layout-column fusion_builder_column fusion-builder-column-0 fusion_builder_column_1_1 1_1 fusion-flex-column\" style=\"--awb-padding-top:20px;--awb-padding-bottom:20px;--awb-padding-left:40px;--awb-overflow:hidden;--awb-bg-size:cover;--awb-border-color:var(--awb-custom_color_12);--awb-border-top:0;--awb-border-right:0;--awb-border-bottom:0;--awb-border-left:5px;--awb-border-style:solid;--awb-border-radius:25px 0px 0px 25px;--awb-width-large:100%;--awb-margin-top-large:0px;--awb-spacing-right-large:1.92%;--awb-margin-bottom-large:20px;--awb-spacing-left-large:1.92%;--awb-width-medium:100%;--awb-order-medium:0;--awb-spacing-right-medium:1.92%;--awb-spacing-left-medium:1.92%;--awb-width-small:100%;--awb-order-small:0;--awb-spacing-right-small:1.92%;--awb-spacing-left-small:1.92%;\"><div class=\"fusion-column-wrapper fusion-column-has-shadow fusion-flex-justify-content-flex-start fusion-content-layout-column\"><i class=\"fb-icon-element-1 fb-icon-element fontawesome-icon fa-quote-right fas circle-no\" style=\"--awb-iconcolor:var(--awb-custom_color_12);--awb-iconcolor-hover:var(--awb-custom_color_2);--awb-font-size:32px;--awb-align-self:flex-start;--awb-margin-top:20px;--awb-margin-right:0px;--awb-margin-bottom:40px;--awb-margin-left:0px;\"><\/i><div class=\"fusion-text fusion-text-1\"><p style=\"text-align: justify;\"><b>Les \u00e9ditions Le Lombard<\/b> proposent des ressources p\u00e9dagogiques autour de l&rsquo;exposition issue de la bande dessin\u00e9e <em>Les Enfants de la R\u00e9sistance<\/em> de Beno\u00eet Ers et Vincent Dugomier.<\/p>\n<\/div><\/div><\/div><\/div><\/div><div class=\"fusion-fullwidth fullwidth-box fusion-builder-row-2 fusion-flex-container has-pattern-background has-mask-background nonhundred-percent-fullwidth non-hundred-percent-height-scrolling\" style=\"--awb-border-radius-top-left:0px;--awb-border-radius-top-right:0px;--awb-border-radius-bottom-right:0px;--awb-border-radius-bottom-left:0px;--awb-margin-bottom:0px;--awb-flex-wrap:wrap;\" ><div class=\"fusion-builder-row fusion-row fusion-flex-align-items-flex-start fusion-flex-content-wrap\" style=\"max-width:1248px;margin-left: calc(-4% \/ 2 );margin-right: calc(-4% \/ 2 );\"><div class=\"fusion-layout-column fusion_builder_column fusion-builder-column-1 fusion_builder_column_1_1 1_1 fusion-flex-column\" style=\"--awb-bg-size:cover;--awb-width-large:100%;--awb-margin-top-large:0px;--awb-spacing-right-large:1.92%;--awb-margin-bottom-large:0px;--awb-spacing-left-large:1.92%;--awb-width-medium:100%;--awb-order-medium:0;--awb-spacing-right-medium:1.92%;--awb-spacing-left-medium:1.92%;--awb-width-small:100%;--awb-order-small:0;--awb-spacing-right-small:1.92%;--awb-spacing-left-small:1.92%;\"><div class=\"fusion-column-wrapper fusion-column-has-shadow fusion-flex-justify-content-flex-start fusion-content-layout-column\"><div class=\"fusion-title title fusion-title-1 fusion-sep-none fusion-title-text fusion-title-size-three\" style=\"--awb-text-color:var(--awb-custom_color_12);--awb-margin-bottom:10px;--awb-margin-top-small:10px;--awb-margin-right-small:0px;--awb-margin-bottom-small:10px;--awb-margin-left-small:0px;--awb-font-size:2em;\"><h3 class=\"fusion-title-heading title-heading-left\" style=\"margin:0;text-transform:uppercase;font-size:1em;\">Les podcasts<\/h3><\/div><\/div><\/div><\/div><\/div><div class=\"fusion-fullwidth fullwidth-box fusion-builder-row-3 fusion-flex-container has-pattern-background has-mask-background nonhundred-percent-fullwidth non-hundred-percent-height-scrolling\" style=\"--awb-border-radius-top-left:0px;--awb-border-radius-top-right:0px;--awb-border-radius-bottom-right:0px;--awb-border-radius-bottom-left:0px;--awb-margin-bottom:0px;--awb-background-color:rgba(255,255,255,0.5);--awb-flex-wrap:wrap;\" ><div class=\"fusion-builder-row fusion-row fusion-flex-align-items-flex-start fusion-flex-content-wrap\" style=\"max-width:1248px;margin-left: calc(-4% \/ 2 );margin-right: calc(-4% \/ 2 );\"><div class=\"fusion-layout-column fusion_builder_column fusion-builder-column-2 fusion_builder_column_1_2 1_2 fusion-flex-column\" style=\"--awb-padding-top:20px;--awb-overflow:hidden;--awb-bg-size:cover;--awb-border-color:var(--awb-custom_color_2);--awb-border-top:0;--awb-border-right:0;--awb-border-bottom:0;--awb-border-left:0;--awb-border-style:solid;--awb-border-radius:25px 0px 0px 0px;--awb-width-large:50%;--awb-margin-top-large:0px;--awb-spacing-right-large:3.84%;--awb-margin-bottom-large:20px;--awb-spacing-left-large:3.84%;--awb-width-medium:50%;--awb-order-medium:0;--awb-spacing-right-medium:3.84%;--awb-spacing-left-medium:3.84%;--awb-width-small:100%;--awb-order-small:0;--awb-spacing-right-small:1.92%;--awb-spacing-left-small:1.92%;\"><div class=\"fusion-column-wrapper fusion-column-has-shadow fusion-flex-justify-content-flex-start fusion-content-layout-column\"><div class=\"fusion-text fusion-text-2 fusion-text-no-margin\" style=\"--awb-margin-bottom:40px;\"><p style=\"text-align: justify;\">Les \u00c9ditions du Lombard et Blynd se sont associ\u00e9s pour produire le podcast \u00ab <strong>R\u00e9sister\u00a0!<\/strong>\u00a0\u00bb. Des \u00e9pisodes d\u2019une quinzaine de minutes chacun, pour d\u00e9couvrir les t\u00e9moignages de v\u00e9ritables enfants r\u00e9sistants.<\/p>\n<\/div><div class=\"fusion-text fusion-text-3\" style=\"--awb-text-color:var(--awb-custom_color_10);\"><p><strong>Annette<\/strong><\/p>\n<\/div><div class=\"fusion-audio fusion-audio-1\" style=\"--awb-progress-color:var(--awb-color1);--awb-border-color:var(--awb-color1);--awb-background-color:var(--awb-color8);--awb-max-width:100%;--awb-margin-bottom:20px;--awb-border-size:0;--awb-border-top-left-radius:0px;--awb-border-top-right-radius:0px;--awb-border-bottom-right-radius:0px;--awb-border-bottom-left-radius:0px;\"><audio class=\"wp-audio-shortcode\" id=\"audio-2796-1\" preload=\"none\" style=\"width: 100%;\" controls=\"controls\"><source type=\"audio\/mpeg\" src=\"http:\/\/mur34.fr\/wp-content\/uploads\/2025\/03\/1-Annette-audio.mp3?_=1\" \/><a href=\"http:\/\/mur34.fr\/wp-content\/uploads\/2025\/03\/1-Annette-audio.mp3\">http:\/\/mur34.fr\/wp-content\/uploads\/2025\/03\/1-Annette-audio.mp3<\/a><\/audio><\/div><div class=\"fusion-text fusion-text-4\"><p><a href=\"http:\/\/mur34.fr\/wp-content\/uploads\/2025\/03\/1-Annette-fiche.pdf\">T\u00e9l\u00e9charger la fiche d&rsquo;\u00e9coute<\/a><\/p>\n<\/div><div class=\"fusion-text fusion-text-5\" style=\"--awb-text-color:var(--awb-custom_color_10);\"><p><strong>Ginette<\/strong><\/p>\n<\/div><div class=\"fusion-audio fusion-audio-2\" style=\"--awb-progress-color:var(--awb-color1);--awb-border-color:var(--awb-color1);--awb-background-color:var(--awb-color8);--awb-max-width:100%;--awb-margin-bottom:15px;--awb-border-size:0;--awb-border-top-left-radius:0px;--awb-border-top-right-radius:0px;--awb-border-bottom-right-radius:0px;--awb-border-bottom-left-radius:0px;\"><audio class=\"wp-audio-shortcode\" id=\"audio-2796-2\" preload=\"none\" style=\"width: 100%;\" controls=\"controls\"><source type=\"audio\/mpeg\" src=\"http:\/\/mur34.fr\/wp-content\/uploads\/2025\/03\/2-Ginette-audio.mp3?_=2\" \/><a href=\"http:\/\/mur34.fr\/wp-content\/uploads\/2025\/03\/2-Ginette-audio.mp3\">http:\/\/mur34.fr\/wp-content\/uploads\/2025\/03\/2-Ginette-audio.mp3<\/a><\/audio><\/div><div class=\"fusion-text fusion-text-6\"><p><a href=\"http:\/\/mur34.fr\/wp-content\/uploads\/2025\/03\/2-Ginette-fiche.pdf\">T\u00e9l\u00e9charger la fiche d&rsquo;\u00e9coute<\/a><\/p>\n<\/div><div class=\"fusion-text fusion-text-7\" style=\"--awb-text-color:var(--awb-custom_color_10);\"><p><strong>Josette<\/strong><\/p>\n<\/div><div class=\"fusion-audio fusion-audio-3\" style=\"--awb-progress-color:var(--awb-color1);--awb-border-color:var(--awb-color1);--awb-background-color:var(--awb-color8);--awb-max-width:100%;--awb-margin-bottom:15px;--awb-border-size:0;--awb-border-top-left-radius:0px;--awb-border-top-right-radius:0px;--awb-border-bottom-right-radius:0px;--awb-border-bottom-left-radius:0px;\"><audio class=\"wp-audio-shortcode\" id=\"audio-2796-3\" preload=\"none\" style=\"width: 100%;\" controls=\"controls\"><source type=\"audio\/mpeg\" src=\"http:\/\/mur34.fr\/wp-content\/uploads\/2025\/03\/3-Josette-audio.mp3?_=3\" \/><a href=\"http:\/\/mur34.fr\/wp-content\/uploads\/2025\/03\/3-Josette-audio.mp3\">http:\/\/mur34.fr\/wp-content\/uploads\/2025\/03\/3-Josette-audio.mp3<\/a><\/audio><\/div><div class=\"fusion-text fusion-text-8\"><p><a href=\"http:\/\/mur34.fr\/wp-content\/uploads\/2025\/03\/3-Josette-fiche.pdf\">T\u00e9l\u00e9charger la fiche d&rsquo;\u00e9coute<\/a><\/p>\n<\/div><div class=\"fusion-text fusion-text-9\" style=\"--awb-text-color:var(--awb-custom_color_10);\"><p><strong>Charles<\/strong><\/p>\n<\/div><div class=\"fusion-audio fusion-audio-4\" style=\"--awb-progress-color:var(--awb-color1);--awb-border-color:var(--awb-color1);--awb-background-color:var(--awb-color8);--awb-max-width:100%;--awb-margin-bottom:15px;--awb-border-size:0;--awb-border-top-left-radius:0px;--awb-border-top-right-radius:0px;--awb-border-bottom-right-radius:0px;--awb-border-bottom-left-radius:0px;\"><audio class=\"wp-audio-shortcode\" id=\"audio-2796-4\" preload=\"none\" style=\"width: 100%;\" controls=\"controls\"><source type=\"audio\/mpeg\" src=\"http:\/\/mur34.fr\/wp-content\/uploads\/2025\/03\/4-Charles-audio.mp3?_=4\" \/><a href=\"http:\/\/mur34.fr\/wp-content\/uploads\/2025\/03\/4-Charles-audio.mp3\">http:\/\/mur34.fr\/wp-content\/uploads\/2025\/03\/4-Charles-audio.mp3<\/a><\/audio><\/div><div class=\"fusion-text fusion-text-10\"><p><a href=\"http:\/\/mur34.fr\/wp-content\/uploads\/2025\/03\/4-Charles-fiche.pdf\">T\u00e9l\u00e9charger la fiche d&rsquo;\u00e9coute<\/a><\/p>\n<\/div><div class=\"fusion-text fusion-text-11\" style=\"--awb-text-color:var(--awb-custom_color_10);\"><p><strong>Lo\u00efc<\/strong><\/p>\n<\/div><div class=\"fusion-audio fusion-audio-5\" style=\"--awb-progress-color:var(--awb-color1);--awb-border-color:var(--awb-color1);--awb-background-color:var(--awb-color8);--awb-max-width:100%;--awb-margin-bottom:15px;--awb-border-size:0;--awb-border-top-left-radius:0px;--awb-border-top-right-radius:0px;--awb-border-bottom-right-radius:0px;--awb-border-bottom-left-radius:0px;\"><audio class=\"wp-audio-shortcode\" id=\"audio-2796-5\" preload=\"none\" style=\"width: 100%;\" controls=\"controls\"><source type=\"audio\/mpeg\" src=\"http:\/\/mur34.fr\/wp-content\/uploads\/2025\/03\/6-Loic-audio.mp3?_=5\" \/><a href=\"http:\/\/mur34.fr\/wp-content\/uploads\/2025\/03\/6-Loic-audio.mp3\">http:\/\/mur34.fr\/wp-content\/uploads\/2025\/03\/6-Loic-audio.mp3<\/a><\/audio><\/div><div class=\"fusion-text fusion-text-12\"><p><a href=\"http:\/\/mur34.fr\/wp-content\/uploads\/2025\/03\/6-Loic-fiche.pdf\">T\u00e9l\u00e9charger la fiche d&rsquo;\u00e9coute<\/a><\/p>\n<\/div><\/div><\/div><div class=\"fusion-layout-column fusion_builder_column fusion-builder-column-3 fusion_builder_column_1_2 1_2 fusion-flex-column\" style=\"--awb-padding-top:20px;--awb-bg-size:cover;--awb-width-large:50%;--awb-margin-top-large:0px;--awb-spacing-right-large:3.84%;--awb-margin-bottom-large:20px;--awb-spacing-left-large:3.84%;--awb-width-medium:50%;--awb-order-medium:0;--awb-spacing-right-medium:3.84%;--awb-spacing-left-medium:3.84%;--awb-width-small:100%;--awb-order-small:0;--awb-spacing-right-small:1.92%;--awb-spacing-left-small:1.92%;\"><div class=\"fusion-column-wrapper fusion-column-has-shadow fusion-flex-justify-content-flex-start fusion-content-layout-column\"><div class=\"fusion-image-element \" style=\"--awb-caption-title-font-family:var(--h2_typography-font-family);--awb-caption-title-font-weight:var(--h2_typography-font-weight);--awb-caption-title-font-style:var(--h2_typography-font-style);--awb-caption-title-size:var(--h2_typography-font-size);--awb-caption-title-transform:var(--h2_typography-text-transform);--awb-caption-title-line-height:var(--h2_typography-line-height);--awb-caption-title-letter-spacing:var(--h2_typography-letter-spacing);\"><span class=\" fusion-imageframe imageframe-none imageframe-1 hover-type-none\" style=\"border-radius:50px;\"><a class=\"fusion-no-lightbox\" href=\"https:\/\/www.radioclapas.fr\/portfolio\/pij-comment-enseigner-la-shoah\/\" target=\"_blank\" aria-label=\"logo_resister1265x655\" rel=\"noopener noreferrer\"><img decoding=\"async\" width=\"1024\" height=\"530\" src=\"http:\/\/mur34.fr\/wp-content\/uploads\/2025\/03\/logo_resister1265x655-1024x530.jpg\" alt class=\"img-responsive wp-image-2798\" srcset=\"https:\/\/mur34.fr\/wp-content\/uploads\/2025\/03\/logo_resister1265x655-200x104.jpg 200w, https:\/\/mur34.fr\/wp-content\/uploads\/2025\/03\/logo_resister1265x655-400x207.jpg 400w, https:\/\/mur34.fr\/wp-content\/uploads\/2025\/03\/logo_resister1265x655-600x311.jpg 600w, https:\/\/mur34.fr\/wp-content\/uploads\/2025\/03\/logo_resister1265x655-800x414.jpg 800w, https:\/\/mur34.fr\/wp-content\/uploads\/2025\/03\/logo_resister1265x655-1200x621.jpg 1200w, https:\/\/mur34.fr\/wp-content\/uploads\/2025\/03\/logo_resister1265x655.jpg 1265w\" sizes=\"(max-width: 640px) 100vw, 600px\" \/><\/a><\/span><\/div><\/div><\/div><\/div><\/div><div class=\"fusion-fullwidth fullwidth-box fusion-builder-row-4 fusion-flex-container has-pattern-background has-mask-background nonhundred-percent-fullwidth non-hundred-percent-height-scrolling\" style=\"--awb-border-radius-top-left:0px;--awb-border-radius-top-right:0px;--awb-border-radius-bottom-right:0px;--awb-border-radius-bottom-left:0px;--awb-padding-top:20px;--awb-padding-bottom:10px;--awb-margin-bottom:0px;--awb-background-color:rgba(255,255,255,0.5);--awb-flex-wrap:wrap;\" ><div class=\"fusion-builder-row fusion-row fusion-flex-align-items-flex-start fusion-flex-content-wrap\" style=\"max-width:1248px;margin-left: calc(-4% \/ 2 );margin-right: calc(-4% \/ 2 );\"><div class=\"fusion-layout-column fusion_builder_column fusion-builder-column-4 fusion_builder_column_1_1 1_1 fusion-flex-column\" style=\"--awb-padding-top:20px;--awb-padding-bottom:20px;--awb-padding-left:40px;--awb-overflow:hidden;--awb-bg-size:cover;--awb-border-color:var(--awb-custom_color_12);--awb-border-top:0;--awb-border-right:0;--awb-border-bottom:0;--awb-border-left:5px;--awb-border-style:solid;--awb-border-radius:25px 0px 0px 25px;--awb-width-large:100%;--awb-margin-top-large:0px;--awb-spacing-right-large:1.92%;--awb-margin-bottom-large:20px;--awb-spacing-left-large:1.92%;--awb-width-medium:100%;--awb-order-medium:0;--awb-spacing-right-medium:1.92%;--awb-spacing-left-medium:1.92%;--awb-width-small:100%;--awb-order-small:0;--awb-spacing-right-small:1.92%;--awb-spacing-left-small:1.92%;\"><div class=\"fusion-column-wrapper fusion-column-has-shadow fusion-flex-justify-content-flex-start fusion-content-layout-column\"><div class=\"fusion-text fusion-text-13\" style=\"--awb-margin-top:20px;\"><p>Encore plus de contenus \u00e9ducatifs et ludiques \u00e0 retrouver sur le <a href=\"https:\/\/www.lelombard.com\/bd\/les-enfants-de-la-resistance\" target=\"_blank\" rel=\"noopener\">site des \u00e9ditions<\/a>.<\/p>\n<\/div><\/div><\/div><\/div><\/div><\/p>\n","protected":false},"excerpt":{"rendered":"","protected":false},"author":1,"featured_media":0,"parent":151,"menu_order":3,"comment_status":"closed","ping_status":"closed","template":"100-width.php","meta":{"footnotes":""},"class_list":["post-2796","page","type-page","status-publish","hentry"],"yoast_head":"<!-- This site is optimized with the Yoast SEO plugin v27.3 - https:\/\/yoast.com\/product\/yoast-seo-wordpress\/ -->\n<title>LES ENFANTS DE LA R\u00c9SISTANCE - MUR-Castelnau-le-Lez<\/title>\n<meta name=\"description\" content=\"LES ENFANTS DE LA R\u00c9SISTANCE\" \/>\n<meta name=\"robots\" content=\"index, follow, max-snippet:-1, max-image-preview:large, max-video-preview:-1\" \/>\n<link rel=\"canonical\" href=\"https:\/\/mur34.fr\/index.php\/docresspourenseignant\/les-enfants-de-la-resistance\/\" \/>\n<meta property=\"og:locale\" content=\"fr_FR\" \/>\n<meta property=\"og:type\" content=\"article\" \/>\n<meta property=\"og:title\" content=\"LES ENFANTS DE LA R\u00c9SISTANCE - MUR-Castelnau-le-Lez\" \/>\n<meta property=\"og:description\" content=\"LES ENFANTS DE LA R\u00c9SISTANCE\" \/>\n<meta property=\"og:url\" content=\"https:\/\/mur34.fr\/index.php\/docresspourenseignant\/les-enfants-de-la-resistance\/\" \/>\n<meta property=\"og:site_name\" content=\"MUR-Castelnau-le-Lez\" \/>\n<meta property=\"article:publisher\" content=\"https:\/\/www.facebook.com\/museedelaresistancedemontpellier\" \/>\n<meta property=\"article:modified_time\" content=\"2025-06-17T07:24:24+00:00\" \/>\n<meta property=\"og:image\" content=\"https:\/\/mur34.fr\/wp-content\/uploads\/2023\/10\/logo-CRHRD-PETIT-COULEURS-SOMBRES-80-06-1.png\" \/>\n\t<meta property=\"og:image:width\" content=\"62\" \/>\n\t<meta property=\"og:image:height\" content=\"77\" \/>\n\t<meta property=\"og:image:type\" content=\"image\/png\" \/>\n<meta name=\"twitter:card\" content=\"summary_large_image\" \/>\n<meta name=\"twitter:label1\" content=\"Dur\u00e9e de lecture estim\u00e9e\" \/>\n\t<meta name=\"twitter:data1\" content=\"1 minute\" \/>\n<script type=\"application\/ld+json\" class=\"yoast-schema-graph\">{\"@context\":\"https:\\\/\\\/schema.org\",\"@graph\":[{\"@type\":\"WebPage\",\"@id\":\"https:\\\/\\\/mur34.fr\\\/index.php\\\/docresspourenseignant\\\/les-enfants-de-la-resistance\\\/\",\"url\":\"https:\\\/\\\/mur34.fr\\\/index.php\\\/docresspourenseignant\\\/les-enfants-de-la-resistance\\\/\",\"name\":\"LES ENFANTS DE LA R\u00c9SISTANCE - MUR-Castelnau-le-Lez\",\"isPartOf\":{\"@id\":\"https:\\\/\\\/mur34.fr\\\/#website\"},\"datePublished\":\"2025-03-06T14:41:57+00:00\",\"dateModified\":\"2025-06-17T07:24:24+00:00\",\"description\":\"LES ENFANTS DE LA R\u00c9SISTANCE\",\"breadcrumb\":{\"@id\":\"https:\\\/\\\/mur34.fr\\\/index.php\\\/docresspourenseignant\\\/les-enfants-de-la-resistance\\\/#breadcrumb\"},\"inLanguage\":\"fr-FR\",\"potentialAction\":[{\"@type\":\"ReadAction\",\"target\":[\"https:\\\/\\\/mur34.fr\\\/index.php\\\/docresspourenseignant\\\/les-enfants-de-la-resistance\\\/\"]}]},{\"@type\":\"BreadcrumbList\",\"@id\":\"https:\\\/\\\/mur34.fr\\\/index.php\\\/docresspourenseignant\\\/les-enfants-de-la-resistance\\\/#breadcrumb\",\"itemListElement\":[{\"@type\":\"ListItem\",\"position\":1,\"name\":\"Accueil\",\"item\":\"https:\\\/\\\/mur34.fr\\\/\"},{\"@type\":\"ListItem\",\"position\":2,\"name\":\"RESSOURCES POUR L&rsquo;ENSEIGNANT\",\"item\":\"https:\\\/\\\/mur34.fr\\\/index.php\\\/docresspourenseignant\\\/\"},{\"@type\":\"ListItem\",\"position\":3,\"name\":\"LES ENFANTS DE LA R\u00c9SISTANCE\"}]},{\"@type\":\"WebSite\",\"@id\":\"https:\\\/\\\/mur34.fr\\\/#website\",\"url\":\"https:\\\/\\\/mur34.fr\\\/\",\"name\":\"MUR-Castelnau-le-Lez\",\"description\":\"Mus\u00e9e de la R\u00e9sistance et de la D\u00e9portation - CASTELNAU-LE-LEZ\",\"publisher\":{\"@id\":\"https:\\\/\\\/mur34.fr\\\/#organization\"},\"alternateName\":\"MUR34\",\"potentialAction\":[{\"@type\":\"SearchAction\",\"target\":{\"@type\":\"EntryPoint\",\"urlTemplate\":\"https:\\\/\\\/mur34.fr\\\/?s={search_term_string}\"},\"query-input\":{\"@type\":\"PropertyValueSpecification\",\"valueRequired\":true,\"valueName\":\"search_term_string\"}}],\"inLanguage\":\"fr-FR\"},{\"@type\":\"Organization\",\"@id\":\"https:\\\/\\\/mur34.fr\\\/#organization\",\"name\":\"Mus\u00e9e de la R\u00e9sistance et de la D\u00e9portation - Castelnau-le-Lez\",\"alternateName\":\"MUR34\",\"url\":\"https:\\\/\\\/mur34.fr\\\/\",\"logo\":{\"@type\":\"ImageObject\",\"inLanguage\":\"fr-FR\",\"@id\":\"https:\\\/\\\/mur34.fr\\\/#\\\/schema\\\/logo\\\/image\\\/\",\"url\":\"https:\\\/\\\/mur34.fr\\\/wp-content\\\/uploads\\\/2024\\\/11\\\/logo-MUR34-1.png\",\"contentUrl\":\"https:\\\/\\\/mur34.fr\\\/wp-content\\\/uploads\\\/2024\\\/11\\\/logo-MUR34-1.png\",\"width\":537,\"height\":696,\"caption\":\"Mus\u00e9e de la R\u00e9sistance et de la D\u00e9portation - Castelnau-le-Lez\"},\"image\":{\"@id\":\"https:\\\/\\\/mur34.fr\\\/#\\\/schema\\\/logo\\\/image\\\/\"},\"sameAs\":[\"https:\\\/\\\/www.facebook.com\\\/museedelaresistancedemontpellier\"]}]}<\/script>\n<!-- \/ Yoast SEO plugin. -->","yoast_head_json":{"title":"LES ENFANTS DE LA R\u00c9SISTANCE - MUR-Castelnau-le-Lez","description":"LES ENFANTS DE LA R\u00c9SISTANCE","robots":{"index":"index","follow":"follow","max-snippet":"max-snippet:-1","max-image-preview":"max-image-preview:large","max-video-preview":"max-video-preview:-1"},"canonical":"https:\/\/mur34.fr\/index.php\/docresspourenseignant\/les-enfants-de-la-resistance\/","og_locale":"fr_FR","og_type":"article","og_title":"LES ENFANTS DE LA R\u00c9SISTANCE - MUR-Castelnau-le-Lez","og_description":"LES ENFANTS DE LA R\u00c9SISTANCE","og_url":"https:\/\/mur34.fr\/index.php\/docresspourenseignant\/les-enfants-de-la-resistance\/","og_site_name":"MUR-Castelnau-le-Lez","article_publisher":"https:\/\/www.facebook.com\/museedelaresistancedemontpellier","article_modified_time":"2025-06-17T07:24:24+00:00","og_image":[{"width":62,"height":77,"url":"https:\/\/mur34.fr\/wp-content\/uploads\/2023\/10\/logo-CRHRD-PETIT-COULEURS-SOMBRES-80-06-1.png","type":"image\/png"}],"twitter_card":"summary_large_image","twitter_misc":{"Dur\u00e9e de lecture estim\u00e9e":"1 minute"},"schema":{"@context":"https:\/\/schema.org","@graph":[{"@type":"WebPage","@id":"https:\/\/mur34.fr\/index.php\/docresspourenseignant\/les-enfants-de-la-resistance\/","url":"https:\/\/mur34.fr\/index.php\/docresspourenseignant\/les-enfants-de-la-resistance\/","name":"LES ENFANTS DE LA R\u00c9SISTANCE - MUR-Castelnau-le-Lez","isPartOf":{"@id":"https:\/\/mur34.fr\/#website"},"datePublished":"2025-03-06T14:41:57+00:00","dateModified":"2025-06-17T07:24:24+00:00","description":"LES ENFANTS DE LA R\u00c9SISTANCE","breadcrumb":{"@id":"https:\/\/mur34.fr\/index.php\/docresspourenseignant\/les-enfants-de-la-resistance\/#breadcrumb"},"inLanguage":"fr-FR","potentialAction":[{"@type":"ReadAction","target":["https:\/\/mur34.fr\/index.php\/docresspourenseignant\/les-enfants-de-la-resistance\/"]}]},{"@type":"BreadcrumbList","@id":"https:\/\/mur34.fr\/index.php\/docresspourenseignant\/les-enfants-de-la-resistance\/#breadcrumb","itemListElement":[{"@type":"ListItem","position":1,"name":"Accueil","item":"https:\/\/mur34.fr\/"},{"@type":"ListItem","position":2,"name":"RESSOURCES POUR L&rsquo;ENSEIGNANT","item":"https:\/\/mur34.fr\/index.php\/docresspourenseignant\/"},{"@type":"ListItem","position":3,"name":"LES ENFANTS DE LA R\u00c9SISTANCE"}]},{"@type":"WebSite","@id":"https:\/\/mur34.fr\/#website","url":"https:\/\/mur34.fr\/","name":"MUR-Castelnau-le-Lez","description":"Mus\u00e9e de la R\u00e9sistance et de la D\u00e9portation - CASTELNAU-LE-LEZ","publisher":{"@id":"https:\/\/mur34.fr\/#organization"},"alternateName":"MUR34","potentialAction":[{"@type":"SearchAction","target":{"@type":"EntryPoint","urlTemplate":"https:\/\/mur34.fr\/?s={search_term_string}"},"query-input":{"@type":"PropertyValueSpecification","valueRequired":true,"valueName":"search_term_string"}}],"inLanguage":"fr-FR"},{"@type":"Organization","@id":"https:\/\/mur34.fr\/#organization","name":"Mus\u00e9e de la R\u00e9sistance et de la D\u00e9portation - Castelnau-le-Lez","alternateName":"MUR34","url":"https:\/\/mur34.fr\/","logo":{"@type":"ImageObject","inLanguage":"fr-FR","@id":"https:\/\/mur34.fr\/#\/schema\/logo\/image\/","url":"https:\/\/mur34.fr\/wp-content\/uploads\/2024\/11\/logo-MUR34-1.png","contentUrl":"https:\/\/mur34.fr\/wp-content\/uploads\/2024\/11\/logo-MUR34-1.png","width":537,"height":696,"caption":"Mus\u00e9e de la R\u00e9sistance et de la D\u00e9portation - Castelnau-le-Lez"},"image":{"@id":"https:\/\/mur34.fr\/#\/schema\/logo\/image\/"},"sameAs":["https:\/\/www.facebook.com\/museedelaresistancedemontpellier"]}]}},"_links":{"self":[{"href":"https:\/\/mur34.fr\/index.php\/wp-json\/wp\/v2\/pages\/2796","targetHints":{"allow":["GET"]}}],"collection":[{"href":"https:\/\/mur34.fr\/index.php\/wp-json\/wp\/v2\/pages"}],"about":[{"href":"https:\/\/mur34.fr\/index.php\/wp-json\/wp\/v2\/types\/page"}],"author":[{"embeddable":true,"href":"https:\/\/mur34.fr\/index.php\/wp-json\/wp\/v2\/users\/1"}],"replies":[{"embeddable":true,"href":"https:\/\/mur34.fr\/index.php\/wp-json\/wp\/v2\/comments?post=2796"}],"version-history":[{"count":21,"href":"https:\/\/mur34.fr\/index.php\/wp-json\/wp\/v2\/pages\/2796\/revisions"}],"predecessor-version":[{"id":3007,"href":"https:\/\/mur34.fr\/index.php\/wp-json\/wp\/v2\/pages\/2796\/revisions\/3007"}],"up":[{"embeddable":true,"href":"https:\/\/mur34.fr\/index.php\/wp-json\/wp\/v2\/pages\/151"}],"wp:attachment":[{"href":"https:\/\/mur34.fr\/index.php\/wp-json\/wp\/v2\/media?parent=2796"}],"curies":[{"name":"wp","href":"https:\/\/api.w.org\/{rel}","templated":true}]}}